{"id":272,"date":"2025-10-20T06:30:09","date_gmt":"2025-10-20T09:30:09","guid":{"rendered":"https:\/\/integra.localranking.com.br\/?page_id=272"},"modified":"2025-10-29T08:09:12","modified_gmt":"2025-10-29T11:09:12","slug":"integra-servicos","status":"publish","type":"page","link":"https:\/\/integra.localranking.com.br\/index.php\/integra-servicos\/","title":{"rendered":"\u00cdntegra Auditoria &#8211; Servi\u00e7o Auditoria"},"content":{"rendered":"\t\t<div data-elementor-type=\"wp-page\" data-elementor-id=\"272\" class=\"elementor elementor-272\" data-elementor-settings=\"{&quot;ha_cmc_init_switcher&quot;:&quot;no&quot;}\" data-elementor-post-type=\"page\">\n\t\t\t\t<div class=\"elementor-element elementor-element-63ef7d0 e-flex e-con-boxed e-con e-parent\" data-id=\"63ef7d0\" data-element_type=\"container\" data-settings=\"{&quot;background_background&quot;:&quot;classic&quot;,&quot;shape_divider_bottom&quot;:&quot;curve&quot;,&quot;shape_divider_bottom_negative&quot;:&quot;yes&quot;,&quot;_ha_eqh_enable&quot;:false}\">\n\t\t\t\t\t<div class=\"e-con-inner\">\n\t\t\t\t<div class=\"elementor-shape elementor-shape-bottom\" aria-hidden=\"true\" data-negative=\"true\">\n\t\t\t<svg xmlns=\"http:\/\/www.w3.org\/2000\/svg\" viewBox=\"0 0 1000 100\" preserveAspectRatio=\"none\">\n\t<path class=\"elementor-shape-fill\" d=\"M500,97C126.7,96.3,0.8,19.8,0,0v100l1000,0V1C1000,19.4,873.3,97.8,500,97z\"\/>\n<\/svg>\t\t<\/div>\n\t\t\t\t<div class=\"elementor-element elementor-element-dd4e9a7 elementor-widget elementor-widget-heading\" data-id=\"dd4e9a7\" data-element_type=\"widget\" data-widget_type=\"heading.default\">\n\t\t\t\t\t<h1 class=\"elementor-heading-title elementor-size-default\">auditoria<\/h1>\t\t\t\t<\/div>\n\t\t\t\t\t<\/div>\n\t\t\t\t<\/div>\n\t\t<div class=\"elementor-element elementor-element-65c8fe3 e-flex e-con-boxed e-con e-parent\" data-id=\"65c8fe3\" data-element_type=\"container\" data-settings=\"{&quot;_ha_eqh_enable&quot;:false}\">\n\t\t\t\t\t<div class=\"e-con-inner\">\n\t\t\t\t<div class=\"elementor-element elementor-element-e30549f elementor-widget elementor-widget-heading\" data-id=\"e30549f\" data-element_type=\"widget\" data-widget_type=\"heading.default\">\n\t\t\t\t\t<h4 class=\"elementor-heading-title elementor-size-default\">auditoria independente<\/h4>\t\t\t\t<\/div>\n\t\t\t\t<div class=\"elementor-element elementor-element-7bde99d elementor-widget elementor-widget-heading\" data-id=\"7bde99d\" data-element_type=\"widget\" data-widget_type=\"heading.default\">\n\t\t\t\t\t<h1 class=\"elementor-heading-title elementor-size-default\">Excel\u00eancia em servi\u00e7os<br> de auditoria<\/h1>\t\t\t\t<\/div>\n\t\t\t\t\t<\/div>\n\t\t\t\t<\/div>\n\t\t<div class=\"elementor-element elementor-element-ca3f204 e-flex e-con-boxed e-con e-parent\" data-id=\"ca3f204\" data-element_type=\"container\" data-settings=\"{&quot;_ha_eqh_enable&quot;:false}\">\n\t\t\t\t\t<div class=\"e-con-inner\">\n\t\t<div class=\"elementor-element elementor-element-d1f866a e-con-full e-flex e-con e-child\" data-id=\"d1f866a\" data-element_type=\"container\" data-settings=\"{&quot;background_background&quot;:&quot;classic&quot;,&quot;_ha_eqh_enable&quot;:false}\">\n\t\t\t\t<\/div>\n\t\t<div class=\"elementor-element elementor-element-a110247 e-con-full e-flex e-con e-child\" data-id=\"a110247\" data-element_type=\"container\" data-settings=\"{&quot;background_background&quot;:&quot;classic&quot;,&quot;_ha_eqh_enable&quot;:false}\">\n\t\t\t\t<div class=\"elementor-element elementor-element-b7614d3 elementor-widget elementor-widget-text-editor\" data-id=\"b7614d3\" data-element_type=\"widget\" data-widget_type=\"text-editor.default\">\n\t\t\t\t\t\t\t\t\tA atividade de auditoria independente representa, para nossos clientes, um valor agregado que vai al\u00e9m do parecer de auditoria e do simples cumprimento das exig\u00eancias formais dos \u00f3rg\u00e3os reguladores.\n\nA auditoria proporciona maior transpar\u00eancia \u00e0s informa\u00e7\u00f5es cont\u00e1beis e financeiras, aprimora os sistemas e controles internos, contribui para a redu\u00e7\u00e3o de custos e riscos e fortalece a credibilidade perante terceiros \u2014 como acionistas, clientes, investidores e credores.\t\t\t\t\t\t\t\t<\/div>\n\t\t\t\t<div class=\"elementor-element elementor-element-52e1289 elementor-widget elementor-widget-text-editor\" data-id=\"52e1289\" data-element_type=\"widget\" data-widget_type=\"text-editor.default\">\n\t\t\t\t\t\t\t\t\t<p>Benef\u00edcios da auditoria:<\/p><ul><li>Controle e transpar\u00eancia<\/li><li>Efici\u00eancia operacional<\/li><li>Conformidade legal e regulat\u00f3ria<\/li><li>Gest\u00e3o de riscos e controles internos<\/li><li>Tomada de decis\u00e3o e planejamento estrat\u00e9gico<\/li><li>Melhoria cont\u00ednua e cultura de qualidade<\/li><\/ul>\t\t\t\t\t\t\t\t<\/div>\n\t\t\t\t<\/div>\n\t\t\t\t\t<\/div>\n\t\t\t\t<\/div>\n\t\t<div class=\"elementor-element elementor-element-955a317 e-flex e-con-boxed e-con e-parent\" data-id=\"955a317\" data-element_type=\"container\" data-settings=\"{&quot;background_background&quot;:&quot;classic&quot;,&quot;_ha_eqh_enable&quot;:false}\">\n\t\t\t\t\t<div class=\"e-con-inner\">\n\t\t<div class=\"elementor-element elementor-element-729e5c2 e-con-full e-flex e-con e-child\" data-id=\"729e5c2\" data-element_type=\"container\" data-settings=\"{&quot;_ha_eqh_enable&quot;:false}\">\n\t\t\t\t<div class=\"elementor-element elementor-element-9a466b1 elementor-widget elementor-widget-heading\" data-id=\"9a466b1\" data-element_type=\"widget\" data-widget_type=\"heading.default\">\n\t\t\t\t\t<h3 class=\"elementor-heading-title elementor-size-default\">P\u00fablico, privado, filantr\u00f3picos e terceiro setor<\/h3>\t\t\t\t<\/div>\n\t\t\t\t<\/div>\n\t\t\t\t\t<\/div>\n\t\t\t\t<\/div>\n\t\t<div class=\"elementor-element elementor-element-1d07069 e-flex e-con-boxed e-con e-parent\" data-id=\"1d07069\" data-element_type=\"container\" data-settings=\"{&quot;background_background&quot;:&quot;classic&quot;,&quot;_ha_eqh_enable&quot;:false}\">\n\t\t\t\t\t<div class=\"e-con-inner\">\n\t\t<div class=\"elementor-element elementor-element-4ec5e5c e-con-full e-flex e-con e-child\" data-id=\"4ec5e5c\" data-element_type=\"container\" data-settings=\"{&quot;background_background&quot;:&quot;classic&quot;,&quot;_ha_eqh_enable&quot;:false}\">\n\t\t\t\t<div class=\"elementor-element elementor-element-cdc0031 elementor-widget elementor-widget-text-editor\" data-id=\"cdc0031\" data-element_type=\"widget\" data-widget_type=\"text-editor.default\">\n\t\t\t\t\t\t\t\t\t<ul><li>Auditoria das Demonstra\u00e7\u00f5es Cont\u00e1beis;<\/li><li>Auditoria de Procedimentos Previamente Acordados;<\/li><li>Due Diligence;<br \/>Auditoria Tribut\u00e1ria;<\/li><li>Auditoria de Processos e Controles Internos;<\/li><li>Auditoria Operacional e de Gest\u00e3o;<\/li><li>Auditoria Financeira;<br \/>Auditoria de RH e Folha de Pagamento;<\/li><\/ul>\t\t\t\t\t\t\t\t<\/div>\n\t\t\t\t<\/div>\n\t\t<div class=\"elementor-element elementor-element-d9cfe41 e-con-full e-flex e-con e-child\" data-id=\"d9cfe41\" data-element_type=\"container\" data-settings=\"{&quot;background_background&quot;:&quot;classic&quot;,&quot;_ha_eqh_enable&quot;:false}\">\n\t\t\t\t<div class=\"elementor-element elementor-element-09d7ead elementor-widget elementor-widget-text-editor\" data-id=\"09d7ead\" data-element_type=\"widget\" data-widget_type=\"text-editor.default\">\n\t\t\t\t\t\t\t\t\t<ul><li>Auditoria Interna;<\/li><li>Auditoria de Preven\u00e7\u00e3o e Detec\u00e7\u00e3o de Fraudes;<\/li><li>Auditoria de M\u00eddias Digitais e Campanhas de Marketing;<\/li><li>Auditoria de Tiragem e Circula\u00e7\u00e3o de Peri\u00f3dicos, de An\u00fancios e Publicidade;<\/li><li>Auditoria em Shoppings, Hot\u00e9is e Condom\u00ednios;<\/li><li>Laudos Cont\u00e1beis para Fus\u00e3o, Cis\u00e3o, Incorpora\u00e7\u00e3o e Aumento de Capital.<\/li><\/ul>\t\t\t\t\t\t\t\t<\/div>\n\t\t\t\t<\/div>\n\t\t\t\t\t<\/div>\n\t\t\t\t<\/div>\n\t\t<div class=\"elementor-element elementor-element-824dd50 e-con-full e-flex e-con e-parent\" data-id=\"824dd50\" data-element_type=\"container\" data-settings=\"{&quot;_ha_eqh_enable&quot;:false}\">\n\t\t<div class=\"elementor-element elementor-element-72991fe e-flex e-con-boxed e-con e-child\" data-id=\"72991fe\" data-element_type=\"container\" data-settings=\"{&quot;_ha_eqh_enable&quot;:false}\">\n\t\t\t\t\t<div class=\"e-con-inner\">\n\t\t<div class=\"elementor-element elementor-element-a1fdd7a e-con-full e-flex e-con e-child\" data-id=\"a1fdd7a\" data-element_type=\"container\" data-settings=\"{&quot;background_background&quot;:&quot;classic&quot;,&quot;_ha_eqh_enable&quot;:false}\">\n\t\t\t\t<\/div>\n\t\t<div class=\"elementor-element elementor-element-81c0d6a e-con-full e-flex e-con e-child\" data-id=\"81c0d6a\" data-element_type=\"container\" data-settings=\"{&quot;background_background&quot;:&quot;classic&quot;,&quot;_ha_eqh_enable&quot;:false}\">\n\t\t\t\t<div class=\"elementor-element elementor-element-fce98db elementor-widget elementor-widget-heading\" data-id=\"fce98db\" data-element_type=\"widget\" data-widget_type=\"heading.default\">\n\t\t\t\t\t<h2 class=\"elementor-heading-title elementor-size-default\">A melhor forma de cuidar do que voc\u00ea construiu est\u00e1 aqui.<\/h2>\t\t\t\t<\/div>\n\t\t\t\t<div class=\"elementor-element elementor-element-6a89d22 elementor-widget elementor-widget-text-editor\" data-id=\"6a89d22\" data-element_type=\"widget\" data-widget_type=\"text-editor.default\">\n\t\t\t\t\t\t\t\t\t<p>Com planejamento real, gest\u00e3o de verdade e um ecossistema completo, a \u00cdntegra \u00e9 o modelo ideal para que sua empresa alcance os melhores resultados.<\/p>\t\t\t\t\t\t\t\t<\/div>\n\t\t\t\t<div class=\"elementor-element elementor-element-e80f2af elementor-widget elementor-widget-button\" data-id=\"e80f2af\" data-element_type=\"widget\" data-widget_type=\"button.default\">\n\t\t\t\t\t\t\t\t\t\t<a class=\"elementor-button elementor-button-link elementor-size-sm\" href=\"https:\/\/wa.me\/5519992239006\">\n\t\t\t\t\t\t<span class=\"elementor-button-content-wrapper\">\n\t\t\t\t\t\t<span class=\"elementor-button-icon\">\n\t\t\t\t<i aria-hidden=\"true\" class=\"hm hm-arrow-right1\"><\/i>\t\t\t<\/span>\n\t\t\t\t\t\t\t\t\t<span class=\"elementor-button-text\">Agende uma conversa<\/span>\n\t\t\t\t\t<\/span>\n\t\t\t\t\t<\/a>\n\t\t\t\t\t\t\t\t<\/div>\n\t\t\t\t<\/div>\n\t\t\t\t\t<\/div>\n\t\t\t\t<\/div>\n\t\t\t\t<\/div>\n\t\t<div class=\"elementor-element elementor-element-7bafb51 e-flex e-con-boxed e-con e-parent\" data-id=\"7bafb51\" data-element_type=\"container\" data-settings=\"{&quot;background_background&quot;:&quot;classic&quot;,&quot;_ha_eqh_enable&quot;:false}\">\n\t\t\t\t\t<div class=\"e-con-inner\">\n\t\t<div class=\"elementor-element elementor-element-cb4541d e-con-full e-flex e-con e-child\" data-id=\"cb4541d\" data-element_type=\"container\" data-settings=\"{&quot;_ha_eqh_enable&quot;:false}\">\n\t\t\t\t<div class=\"elementor-element elementor-element-466991e elementor-widget elementor-widget-heading\" data-id=\"466991e\" data-element_type=\"widget\" data-widget_type=\"heading.default\">\n\t\t\t\t\t<h3 class=\"elementor-heading-title elementor-size-default\">Como Podemos Ajudar Voc\u00ea?<\/h3>\t\t\t\t<\/div>\n\t\t\t\t<div class=\"elementor-element elementor-element-c69dd02 elementor-widget elementor-widget-text-editor\" data-id=\"c69dd02\" data-element_type=\"widget\" data-widget_type=\"text-editor.default\">\n\t\t\t\t\t\t\t\t\t<p>Na \u00cdntegra, o sucesso da sua empresa \u00e9 o nosso principal objetivo. Estamos aqui para oferecer suporte estrat\u00e9gico, clareza financeira e seguran\u00e7a em cada decis\u00e3o que voc\u00ea toma.<\/p>\t\t\t\t\t\t\t\t<\/div>\n\t\t\t\t<div class=\"elementor-element elementor-element-13debe8 elementor-widget elementor-widget-button\" data-id=\"13debe8\" data-element_type=\"widget\" data-widget_type=\"button.default\">\n\t\t\t\t\t\t\t\t\t\t<a class=\"elementor-button elementor-button-link elementor-size-sm\" href=\"https:\/\/wa.me\/5519992239006\">\n\t\t\t\t\t\t<span class=\"elementor-button-content-wrapper\">\n\t\t\t\t\t\t\t\t\t<span class=\"elementor-button-text\">Solicitar Contato<\/span>\n\t\t\t\t\t<\/span>\n\t\t\t\t\t<\/a>\n\t\t\t\t\t\t\t\t<\/div>\n\t\t\t\t<\/div>\n\t\t<div class=\"elementor-element elementor-element-9706823 e-con-full e-flex e-con e-child\" data-id=\"9706823\" data-element_type=\"container\" data-settings=\"{&quot;background_background&quot;:&quot;classic&quot;,&quot;_ha_eqh_enable&quot;:false}\">\n\t\t\t\t<\/div>\n\t\t\t\t\t<\/div>\n\t\t\t\t<\/div>\n\t\t\t\t<\/div>\n\t\t","protected":false},"excerpt":{"rendered":"<p>auditoria auditoria independente Excel\u00eancia em servi\u00e7os de auditoria A atividade de auditoria independente representa, para nossos clientes, um valor agregado que vai al\u00e9m do parecer de auditoria e do simples cumprimento das exig\u00eancias formais dos \u00f3rg\u00e3os reguladores. A auditoria proporciona maior transpar\u00eancia \u00e0s informa\u00e7\u00f5es cont\u00e1beis e financeiras, aprimora os sistemas e controles internos, contribui para [&hellip;]<\/p>\n","protected":false},"author":1,"featured_media":0,"parent":0,"menu_order":0,"comment_status":"closed","ping_status":"closed","template":"elementor_header_footer","meta":{"footnotes":""},"class_list":["post-272","page","type-page","status-publish","hentry"],"_links":{"self":[{"href":"https:\/\/integra.localranking.com.br\/index.php\/wp-json\/wp\/v2\/pages\/272","targetHints":{"allow":["GET"]}}],"collection":[{"href":"https:\/\/integra.localranking.com.br\/index.php\/wp-json\/wp\/v2\/pages"}],"about":[{"href":"https:\/\/integra.localranking.com.br\/index.php\/wp-json\/wp\/v2\/types\/page"}],"author":[{"embeddable":true,"href":"https:\/\/integra.localranking.com.br\/index.php\/wp-json\/wp\/v2\/users\/1"}],"replies":[{"embeddable":true,"href":"https:\/\/integra.localranking.com.br\/index.php\/wp-json\/wp\/v2\/comments?post=272"}],"version-history":[{"count":19,"href":"https:\/\/integra.localranking.com.br\/index.php\/wp-json\/wp\/v2\/pages\/272\/revisions"}],"predecessor-version":[{"id":416,"href":"https:\/\/integra.localranking.com.br\/index.php\/wp-json\/wp\/v2\/pages\/272\/revisions\/416"}],"wp:attachment":[{"href":"https:\/\/integra.localranking.com.br\/index.php\/wp-json\/wp\/v2\/media?parent=272"}],"curies":[{"name":"wp","href":"https:\/\/api.w.org\/{rel}","templated":true}]}}