{"id":211,"date":"2025-10-19T20:47:16","date_gmt":"2025-10-19T23:47:16","guid":{"rendered":"https:\/\/integra.localranking.com.br\/?page_id=211"},"modified":"2025-10-29T08:25:11","modified_gmt":"2025-10-29T11:25:11","slug":"integra-auditoria-sobre","status":"publish","type":"page","link":"https:\/\/integra.localranking.com.br\/index.php\/integra-auditoria-sobre\/","title":{"rendered":"\u00cdntegra Auditoria &#8211; Sobre"},"content":{"rendered":"\t\t<div data-elementor-type=\"wp-page\" data-elementor-id=\"211\" class=\"elementor elementor-211\" data-elementor-settings=\"{&quot;ha_cmc_init_switcher&quot;:&quot;no&quot;}\" data-elementor-post-type=\"page\">\n\t\t\t\t<div class=\"elementor-element elementor-element-63ef7d0 e-flex e-con-boxed e-con e-parent\" data-id=\"63ef7d0\" data-element_type=\"container\" data-settings=\"{&quot;background_background&quot;:&quot;classic&quot;,&quot;shape_divider_bottom&quot;:&quot;curve&quot;,&quot;shape_divider_bottom_negative&quot;:&quot;yes&quot;,&quot;_ha_eqh_enable&quot;:false}\">\n\t\t\t\t\t<div class=\"e-con-inner\">\n\t\t\t\t<div class=\"elementor-shape elementor-shape-bottom\" aria-hidden=\"true\" data-negative=\"true\">\n\t\t\t<svg xmlns=\"http:\/\/www.w3.org\/2000\/svg\" viewBox=\"0 0 1000 100\" preserveAspectRatio=\"none\">\n\t<path class=\"elementor-shape-fill\" d=\"M500,97C126.7,96.3,0.8,19.8,0,0v100l1000,0V1C1000,19.4,873.3,97.8,500,97z\"\/>\n<\/svg>\t\t<\/div>\n\t\t\t\t<div class=\"elementor-element elementor-element-dd4e9a7 elementor-widget elementor-widget-heading\" data-id=\"dd4e9a7\" data-element_type=\"widget\" data-widget_type=\"heading.default\">\n\t\t\t\t\t<h1 class=\"elementor-heading-title elementor-size-default\">sobre a \u00cdntegra<\/h1>\t\t\t\t<\/div>\n\t\t\t\t\t<\/div>\n\t\t\t\t<\/div>\n\t\t<div class=\"elementor-element elementor-element-65c8fe3 e-flex e-con-boxed e-con e-parent\" data-id=\"65c8fe3\" data-element_type=\"container\" data-settings=\"{&quot;_ha_eqh_enable&quot;:false}\">\n\t\t\t\t\t<div class=\"e-con-inner\">\n\t\t\t\t<div class=\"elementor-element elementor-element-e30549f elementor-widget elementor-widget-heading\" data-id=\"e30549f\" data-element_type=\"widget\" data-widget_type=\"heading.default\">\n\t\t\t\t\t<h4 class=\"elementor-heading-title elementor-size-default\">A mais de 40 anos<\/h4>\t\t\t\t<\/div>\n\t\t\t\t<div class=\"elementor-element elementor-element-7bde99d elementor-widget elementor-widget-heading\" data-id=\"7bde99d\" data-element_type=\"widget\" data-widget_type=\"heading.default\">\n\t\t\t\t\t<h1 class=\"elementor-heading-title elementor-size-default\">Uma excelente alternativa <br>em servi\u00e7os de auditoria<\/h1>\t\t\t\t<\/div>\n\t\t\t\t\t<\/div>\n\t\t\t\t<\/div>\n\t\t<div class=\"elementor-element elementor-element-ca3f204 e-flex e-con-boxed e-con e-parent\" data-id=\"ca3f204\" data-element_type=\"container\" data-settings=\"{&quot;_ha_eqh_enable&quot;:false}\">\n\t\t\t\t\t<div class=\"e-con-inner\">\n\t\t<div class=\"elementor-element elementor-element-d1f866a e-con-full e-flex e-con e-child\" data-id=\"d1f866a\" data-element_type=\"container\" data-settings=\"{&quot;background_background&quot;:&quot;classic&quot;,&quot;_ha_eqh_enable&quot;:false}\">\n\t\t\t\t<div class=\"elementor-element elementor-element-cde27b7 elementor-widget elementor-widget-image\" data-id=\"cde27b7\" data-element_type=\"widget\" data-widget_type=\"image.default\">\n\t\t\t\t\t\t\t\t\t\t\t\t\t\t\t<img fetchpriority=\"high\" decoding=\"async\" width=\"800\" height=\"534\" src=\"https:\/\/integra.localranking.com.br\/wp-content\/uploads\/2025\/10\/integra-auditoria-fiscal-financeira-contario-rh-balanco-016.jpg\" class=\"attachment-large size-large wp-image-261\" alt=\"\" srcset=\"https:\/\/integra.localranking.com.br\/wp-content\/uploads\/2025\/10\/integra-auditoria-fiscal-financeira-contario-rh-balanco-016.jpg 1000w, https:\/\/integra.localranking.com.br\/wp-content\/uploads\/2025\/10\/integra-auditoria-fiscal-financeira-contario-rh-balanco-016-300x200.jpg 300w, https:\/\/integra.localranking.com.br\/wp-content\/uploads\/2025\/10\/integra-auditoria-fiscal-financeira-contario-rh-balanco-016-768x512.jpg 768w\" sizes=\"(max-width: 800px) 100vw, 800px\" \/>\t\t\t\t\t\t\t\t\t\t\t\t\t\t\t<\/div>\n\t\t\t\t<\/div>\n\t\t<div class=\"elementor-element elementor-element-a110247 e-con-full e-flex e-con e-child\" data-id=\"a110247\" data-element_type=\"container\" data-settings=\"{&quot;background_background&quot;:&quot;classic&quot;,&quot;_ha_eqh_enable&quot;:false}\">\n\t\t\t\t<div class=\"elementor-element elementor-element-b7614d3 elementor-widget elementor-widget-text-editor\" data-id=\"b7614d3\" data-element_type=\"widget\" data-widget_type=\"text-editor.default\">\n\t\t\t\t\t\t\t\t\t<p>A \u00cdntegra \u00e9 uma empresa de auditoria e consultoria, com mais de 30 anos de experi\u00eancia no mercado brasileiro. Cada servi\u00e7o prestado nos diferentes setores de mercado est\u00e1 apoiado no conhecimento desenvolvido ao longo desses mais de 30 anos de atua\u00e7\u00e3o.<br \/><br \/>Todos os servi\u00e7os prestados pela \u00cdntegra s\u00e3o importantes ferramentas de gest\u00e3o, que conferem maior transpar\u00eancia e confiabilidade \u00e0s informa\u00e7\u00f5es financeiras, ajudando a entender e gerenciar os principais riscos empresariais, melhorar os processos do neg\u00f3cio e de governan\u00e7a corporativa.<\/p><p>Para oferecer servi\u00e7os de qualidade e confiabilidade, a \u00cdntegra investe constantemente em sua equipe profissional, visando sua capacita\u00e7\u00e3o, motiva\u00e7\u00e3o e estabilidade, com a finalidade de mant\u00ea-los permanentemente atualizados e capazes de acompanhar, em posi\u00e7\u00e3o de vanguarda, as necessidades e expectativas dos seus clientes. O empenho de todos os profissionais na busca das melhores solu\u00e7\u00f5es para os clientes \u00e9 outra caracter\u00edstica marcante do pessoal.<\/p><p>A \u00cdntegra tem a sua qualidade reconhecida atrav\u00e9s do Programa de Revis\u00e3o Externa de Qualidade, do Conselho Federal de Contabilidade \u2013 CFC, em conjunto com a Comiss\u00e3o de Valores Mobili\u00e1rios \u2013 CVM.<\/p><p>A \u00cdntegra acredita que o maior certificado de qualidade \u00e9 a satisfa\u00e7\u00e3o dos clientes. A maioria dos clientes j\u00e1 conta com os servi\u00e7os da \u00cdntegra h\u00e1 mais de 5 (cinco) anos.<\/p>\t\t\t\t\t\t\t\t<\/div>\n\t\t\t\t<\/div>\n\t\t\t\t\t<\/div>\n\t\t\t\t<\/div>\n\t\t<div class=\"elementor-element elementor-element-955a317 e-flex e-con-boxed e-con e-parent\" data-id=\"955a317\" data-element_type=\"container\" data-settings=\"{&quot;background_background&quot;:&quot;classic&quot;,&quot;_ha_eqh_enable&quot;:false}\">\n\t\t\t\t\t<div class=\"e-con-inner\">\n\t\t<div class=\"elementor-element elementor-element-729e5c2 e-con-full e-flex e-con e-child\" data-id=\"729e5c2\" data-element_type=\"container\" data-settings=\"{&quot;_ha_eqh_enable&quot;:false}\">\n\t\t\t\t<div class=\"elementor-element elementor-element-9a466b1 elementor-widget elementor-widget-heading\" data-id=\"9a466b1\" data-element_type=\"widget\" data-widget_type=\"heading.default\">\n\t\t\t\t\t<h3 class=\"elementor-heading-title elementor-size-default\">Registros e associa\u00e7\u00f5es<\/h3>\t\t\t\t<\/div>\n\t\t\t\t<\/div>\n\t\t\t\t\t<\/div>\n\t\t\t\t<\/div>\n\t\t<div class=\"elementor-element elementor-element-1d07069 e-flex e-con-boxed e-con e-parent\" data-id=\"1d07069\" data-element_type=\"container\" data-settings=\"{&quot;background_background&quot;:&quot;classic&quot;,&quot;_ha_eqh_enable&quot;:false}\">\n\t\t\t\t\t<div class=\"e-con-inner\">\n\t\t<div class=\"elementor-element elementor-element-4ec5e5c e-con-full e-flex e-con e-child\" data-id=\"4ec5e5c\" data-element_type=\"container\" data-settings=\"{&quot;background_background&quot;:&quot;classic&quot;,&quot;_ha_eqh_enable&quot;:false}\">\n\t\t\t\t<div class=\"elementor-element elementor-element-0f7ce86 elementor-widget elementor-widget-heading\" data-id=\"0f7ce86\" data-element_type=\"widget\" data-widget_type=\"heading.default\">\n\t\t\t\t\t<h3 class=\"elementor-heading-title elementor-size-default\">CVM<\/h3>\t\t\t\t<\/div>\n\t\t\t\t<div class=\"elementor-element elementor-element-cdc0031 elementor-widget elementor-widget-text-editor\" data-id=\"cdc0031\" data-element_type=\"widget\" data-widget_type=\"text-editor.default\">\n\t\t\t\t\t\t\t\t\tComiss\u00e3o de Valores Mobili\u00e1rios\t\t\t\t\t\t\t\t<\/div>\n\t\t\t\t<\/div>\n\t\t<div class=\"elementor-element elementor-element-1bc70bb e-con-full e-flex e-con e-child\" data-id=\"1bc70bb\" data-element_type=\"container\" data-settings=\"{&quot;background_background&quot;:&quot;classic&quot;,&quot;_ha_eqh_enable&quot;:false}\">\n\t\t\t\t<div class=\"elementor-element elementor-element-b45b86c elementor-widget elementor-widget-heading\" data-id=\"b45b86c\" data-element_type=\"widget\" data-widget_type=\"heading.default\">\n\t\t\t\t\t<h3 class=\"elementor-heading-title elementor-size-default\">BACEN<\/h3>\t\t\t\t<\/div>\n\t\t\t\t<div class=\"elementor-element elementor-element-4d4b6bc elementor-widget elementor-widget-text-editor\" data-id=\"4d4b6bc\" data-element_type=\"widget\" data-widget_type=\"text-editor.default\">\n\t\t\t\t\t\t\t\t\t<p>Banco Central do Brasil<\/p>\t\t\t\t\t\t\t\t<\/div>\n\t\t\t\t<\/div>\n\t\t<div class=\"elementor-element elementor-element-d4688e5 e-con-full e-flex e-con e-child\" data-id=\"d4688e5\" data-element_type=\"container\" data-settings=\"{&quot;background_background&quot;:&quot;classic&quot;,&quot;_ha_eqh_enable&quot;:false}\">\n\t\t\t\t<div class=\"elementor-element elementor-element-db4b588 elementor-widget elementor-widget-heading\" data-id=\"db4b588\" data-element_type=\"widget\" data-widget_type=\"heading.default\">\n\t\t\t\t\t<h3 class=\"elementor-heading-title elementor-size-default\">CNAI<\/h3>\t\t\t\t<\/div>\n\t\t\t\t<div class=\"elementor-element elementor-element-274b8a5 elementor-widget elementor-widget-text-editor\" data-id=\"274b8a5\" data-element_type=\"widget\" data-widget_type=\"text-editor.default\">\n\t\t\t\t\t\t\t\t\t<p>Cadastro Nacional de Auditores Independentes<\/p>\t\t\t\t\t\t\t\t<\/div>\n\t\t\t\t<\/div>\n\t\t<div class=\"elementor-element elementor-element-cc31c06 e-con-full e-flex e-con e-child\" data-id=\"cc31c06\" data-element_type=\"container\" data-settings=\"{&quot;background_background&quot;:&quot;classic&quot;,&quot;_ha_eqh_enable&quot;:false}\">\n\t\t\t\t<div class=\"elementor-element elementor-element-aa33120 elementor-widget elementor-widget-heading\" data-id=\"aa33120\" data-element_type=\"widget\" data-widget_type=\"heading.default\">\n\t\t\t\t\t<h3 class=\"elementor-heading-title elementor-size-default\">CRC<\/h3>\t\t\t\t<\/div>\n\t\t\t\t<div class=\"elementor-element elementor-element-895730b elementor-widget elementor-widget-text-editor\" data-id=\"895730b\" data-element_type=\"widget\" data-widget_type=\"text-editor.default\">\n\t\t\t\t\t\t\t\t\t<p>Conselho Regional de Contabilidade<\/p>\t\t\t\t\t\t\t\t<\/div>\n\t\t\t\t<\/div>\n\t\t<div class=\"elementor-element elementor-element-9658f96 e-con-full e-flex e-con e-child\" data-id=\"9658f96\" data-element_type=\"container\" data-settings=\"{&quot;background_background&quot;:&quot;classic&quot;,&quot;_ha_eqh_enable&quot;:false}\">\n\t\t\t\t<div class=\"elementor-element elementor-element-04ddec3 elementor-widget elementor-widget-heading\" data-id=\"04ddec3\" data-element_type=\"widget\" data-widget_type=\"heading.default\">\n\t\t\t\t\t<h3 class=\"elementor-heading-title elementor-size-default\">IBRACON<\/h3>\t\t\t\t<\/div>\n\t\t\t\t<div class=\"elementor-element elementor-element-9503c60 elementor-widget elementor-widget-text-editor\" data-id=\"9503c60\" data-element_type=\"widget\" data-widget_type=\"text-editor.default\">\n\t\t\t\t\t\t\t\t\t<p>Instituto Brasileiro dos Auditores Independentes<\/p>\t\t\t\t\t\t\t\t<\/div>\n\t\t\t\t<\/div>\n\t\t\t\t\t<\/div>\n\t\t\t\t<\/div>\n\t\t<div class=\"elementor-element elementor-element-3b44fd4 e-con-full e-flex e-con e-parent\" data-id=\"3b44fd4\" data-element_type=\"container\" data-settings=\"{&quot;background_background&quot;:&quot;gradient&quot;,&quot;_ha_eqh_enable&quot;:false}\">\n\t\t<div class=\"elementor-element elementor-element-a39736d e-con-full e-flex e-con e-child\" data-id=\"a39736d\" data-element_type=\"container\" data-settings=\"{&quot;background_background&quot;:&quot;classic&quot;,&quot;_ha_eqh_enable&quot;:false}\">\n\t\t\t\t<\/div>\n\t\t<div class=\"elementor-element elementor-element-903a542 e-con-full e-flex e-con e-child\" data-id=\"903a542\" data-element_type=\"container\" data-settings=\"{&quot;_ha_eqh_enable&quot;:false}\">\n\t\t\t\t<div class=\"elementor-element elementor-element-90f3252 elementor-widget elementor-widget-heading\" data-id=\"90f3252\" data-element_type=\"widget\" data-widget_type=\"heading.default\">\n\t\t\t\t\t<h2 class=\"elementor-heading-title elementor-size-default\">Excel\u00eancia em servi\u00e7os de auditoria, consultoria e gest\u00e3o<\/h2>\t\t\t\t<\/div>\n\t\t\t\t<div class=\"elementor-element elementor-element-4e4537f elementor-widget elementor-widget-text-editor\" data-id=\"4e4537f\" data-element_type=\"widget\" data-widget_type=\"text-editor.default\">\n\t\t\t\t\t\t\t\t\tProfissionais especializados em legisla\u00e7\u00e3o tribut\u00e1ria garantem a conformidade da sua empresa e impulsionam o crescimento financeiro.\nOferecemos solu\u00e7\u00f5es abrangentes e personalizadas para atender \u00e0s suas necessidades, com foco na maximiza\u00e7\u00e3o da lucratividade.\nRealizamos monitoramento de resultados e oferecemos flexibilidade para atender \u00e0s suas demandas espec\u00edficas.\nProporcionamos tranquilidade e seguran\u00e7a na gest\u00e3o fiscal da sua empresa, com solu\u00e7\u00f5es alinhadas \u00e0s \u00faltimas tend\u00eancias e atualiza\u00e7\u00f5es nas leis e regulamenta\u00e7\u00f5es do seu setor de atua\u00e7\u00e3o.\t\t\t\t\t\t\t\t<\/div>\n\t\t\t\t<div class=\"elementor-element elementor-element-370cbae elementor-widget elementor-widget-button\" data-id=\"370cbae\" data-element_type=\"widget\" data-widget_type=\"button.default\">\n\t\t\t\t\t\t\t\t\t\t<a class=\"elementor-button elementor-button-link elementor-size-sm\" href=\"https:\/\/wa.me\/5519992239006\">\n\t\t\t\t\t\t<span class=\"elementor-button-content-wrapper\">\n\t\t\t\t\t\t\t\t\t<span class=\"elementor-button-text\">Solicitar Contato<\/span>\n\t\t\t\t\t<\/span>\n\t\t\t\t\t<\/a>\n\t\t\t\t\t\t\t\t<\/div>\n\t\t\t\t<\/div>\n\t\t\t\t<\/div>\n\t\t<div class=\"elementor-element elementor-element-7bafb51 e-flex e-con-boxed e-con e-parent\" data-id=\"7bafb51\" data-element_type=\"container\" data-settings=\"{&quot;background_background&quot;:&quot;classic&quot;,&quot;_ha_eqh_enable&quot;:false}\">\n\t\t\t\t\t<div class=\"e-con-inner\">\n\t\t<div class=\"elementor-element elementor-element-cb4541d e-con-full e-flex e-con e-child\" data-id=\"cb4541d\" data-element_type=\"container\" data-settings=\"{&quot;_ha_eqh_enable&quot;:false}\">\n\t\t\t\t<div class=\"elementor-element elementor-element-466991e elementor-widget elementor-widget-heading\" data-id=\"466991e\" data-element_type=\"widget\" data-widget_type=\"heading.default\">\n\t\t\t\t\t<h3 class=\"elementor-heading-title elementor-size-default\">Como Podemos Ajudar Voc\u00ea?<\/h3>\t\t\t\t<\/div>\n\t\t\t\t<div class=\"elementor-element elementor-element-c69dd02 elementor-widget elementor-widget-text-editor\" data-id=\"c69dd02\" data-element_type=\"widget\" data-widget_type=\"text-editor.default\">\n\t\t\t\t\t\t\t\t\t<p>Na \u00cdntegra, o sucesso da sua empresa \u00e9 o nosso principal objetivo. Estamos aqui para oferecer suporte estrat\u00e9gico, clareza financeira e seguran\u00e7a em cada decis\u00e3o que voc\u00ea toma.<\/p>\t\t\t\t\t\t\t\t<\/div>\n\t\t\t\t<div class=\"elementor-element elementor-element-13debe8 elementor-widget elementor-widget-button\" data-id=\"13debe8\" data-element_type=\"widget\" data-widget_type=\"button.default\">\n\t\t\t\t\t\t\t\t\t\t<a class=\"elementor-button elementor-button-link elementor-size-sm\" href=\"https:\/\/wa.me\/5519992239006\">\n\t\t\t\t\t\t<span class=\"elementor-button-content-wrapper\">\n\t\t\t\t\t\t\t\t\t<span class=\"elementor-button-text\">Solicitar Contato<\/span>\n\t\t\t\t\t<\/span>\n\t\t\t\t\t<\/a>\n\t\t\t\t\t\t\t\t<\/div>\n\t\t\t\t<\/div>\n\t\t<div class=\"elementor-element elementor-element-9706823 e-con-full e-flex e-con e-child\" data-id=\"9706823\" data-element_type=\"container\" data-settings=\"{&quot;background_background&quot;:&quot;classic&quot;,&quot;_ha_eqh_enable&quot;:false}\">\n\t\t\t\t<\/div>\n\t\t\t\t\t<\/div>\n\t\t\t\t<\/div>\n\t\t\t\t<\/div>\n\t\t","protected":false},"excerpt":{"rendered":"<p>sobre a \u00cdntegra A mais de 40 anos Uma excelente alternativa em servi\u00e7os de auditoria A \u00cdntegra \u00e9 uma empresa de auditoria e consultoria, com mais de 30 anos de experi\u00eancia no mercado brasileiro. Cada servi\u00e7o prestado nos diferentes setores de mercado est\u00e1 apoiado no conhecimento desenvolvido ao longo desses mais de 30 anos de [&hellip;]<\/p>\n","protected":false},"author":1,"featured_media":0,"parent":0,"menu_order":0,"comment_status":"closed","ping_status":"closed","template":"elementor_header_footer","meta":{"footnotes":""},"class_list":["post-211","page","type-page","status-publish","hentry"],"_links":{"self":[{"href":"https:\/\/integra.localranking.com.br\/index.php\/wp-json\/wp\/v2\/pages\/211","targetHints":{"allow":["GET"]}}],"collection":[{"href":"https:\/\/integra.localranking.com.br\/index.php\/wp-json\/wp\/v2\/pages"}],"about":[{"href":"https:\/\/integra.localranking.com.br\/index.php\/wp-json\/wp\/v2\/types\/page"}],"author":[{"embeddable":true,"href":"https:\/\/integra.localranking.com.br\/index.php\/wp-json\/wp\/v2\/users\/1"}],"replies":[{"embeddable":true,"href":"https:\/\/integra.localranking.com.br\/index.php\/wp-json\/wp\/v2\/comments?post=211"}],"version-history":[{"count":28,"href":"https:\/\/integra.localranking.com.br\/index.php\/wp-json\/wp\/v2\/pages\/211\/revisions"}],"predecessor-version":[{"id":428,"href":"https:\/\/integra.localranking.com.br\/index.php\/wp-json\/wp\/v2\/pages\/211\/revisions\/428"}],"wp:attachment":[{"href":"https:\/\/integra.localranking.com.br\/index.php\/wp-json\/wp\/v2\/media?parent=211"}],"curies":[{"name":"wp","href":"https:\/\/api.w.org\/{rel}","templated":true}]}}